{"id":210,"date":"2020-03-29T19:20:19","date_gmt":"2020-03-29T19:20:19","guid":{"rendered":"https:\/\/www.apartments-tonka.com\/?page_id=210"},"modified":"2020-12-17T15:26:02","modified_gmt":"2020-12-17T15:26:02","slug":"our-reviews","status":"publish","type":"page","link":"http:\/\/apartments-tonka.com\/index.php\/our-reviews\/","title":{"rendered":"Our Reviews"},"content":{"rendered":"\n<p>We have been welcoming our guests from 2013. to stay in one of our apartments in Komi\u017ea. We are listed on a lot of other booking sites and partners, where we got only good reviews so far. We are proud do display the related reviews from AirBnb here too.<\/p>\n\n\n\n<p>The reviews are not edited or filtered in any way.<\/p>\n\n\n\n<style>#wprev-slider-1 .wprev_preview_bradius_T1 {border-radius: 4px;}#wprev-slider-1 .wprev_preview_bg1_T1 {background:;}#wprev-slider-1 .wprev_preview_bg2_T1 {background:;}#wprev-slider-1 .wprev_preview_tcolor1_T1 {color:;}#wprev-slider-1 .wprev_preview_tcolor2_T1 {color:;}#wprev-slider-1 .wprev_preview_bg1_T1::after{ border-top: 30px solid ; }<\/style><style><\/style><div class=\"wprev-slider\" id=\"wprev-slider-1\"><ul><li>\t\t<div class=\"wpairbnb_t1_outer_div w3_wprs-row-padding\">\r\n\t\t\t\t<div class=\"wpairbnb_t1_DIV_1 w3_wprs-col l4\">\r\n\t\t\t<div class=\"wpairbnb_t1_DIV_2 wprev_preview_bg1_T1 wprev_preview_bradius_T1\">\r\n\t\t\t\t<p class=\"wpairbnb_t1_P_3 wprev_preview_tcolor1_T1\">\r\n\t\t\t\t\t<span class=\"wpairbnb_star_imgs_T1\"><img src=\"http:\/\/apartments-tonka.com\/wp-content\/plugins\/wp-airbnb-review-slider\/public\/partials\/imgs\/stars_5_yellow.png\" alt=\"\" class=\"wpairbnb_t1_star_img_file\">&nbsp;&nbsp;<\/span>Odli\u010dan smje\u0161taj i predivni doma\u0107in Marinko koji nas je srda\u010dno do\u010dekao.<br \/>\nMirno okru\u017eje i divno dvori\u0161te sa terasom.<br \/>\nApartman je<a href=\"https:\/\/hr.airbnb.com\/rooms\/1208887\" class=\"ta_morelink\" target=\"_blank\" rel=\"nofollow\">... read more<\/a>\t\t\t\t<\/p>\r\n\t\t\t\t<a href=\"https:\/\/hr.airbnb.com\/rooms\/1208887\" target=\"_blank\" rel=\"nofollow\"><img src=\"http:\/\/apartments-tonka.com\/wp-content\/plugins\/wp-airbnb-review-slider\/public\/partials\/imgs\/airbnb_outline.png\" alt=\"\" class=\"wpairbnb_t1_airbnb_logo\"><\/a>\t\t\t<\/div><span class=\"wpairbnb_t1_A_8\"><img src=\"https:\/\/a0.muscache.com\/im\/pictures\/user\/c669d0ae-50d1-49b0-be73-5e281743b703.jpg?aki_policy=profile_x_medium\" alt=\"thumb\" class=\"wpairbnb_t1_IMG_4\" \/><\/span> <span class=\"wpairbnb_t1_SPAN_5 wprev_preview_tcolor2_T1\">Kristina<br\/><span class=\"wprev_showdate_T1\">9\/02\/2023<\/span> <\/span>\r\n\t\t<\/div>\r\n\t\t\t<div class=\"wpairbnb_t1_DIV_1 w3_wprs-col l4\">\r\n\t\t\t<div class=\"wpairbnb_t1_DIV_2 wprev_preview_bg1_T1 wprev_preview_bradius_T1\">\r\n\t\t\t\t<p class=\"wpairbnb_t1_P_3 wprev_preview_tcolor1_T1\">\r\n\t\t\t\t\t<span class=\"wpairbnb_star_imgs_T1\"><img src=\"http:\/\/apartments-tonka.com\/wp-content\/plugins\/wp-airbnb-review-slider\/public\/partials\/imgs\/stars_5_yellow.png\" alt=\"\" class=\"wpairbnb_t1_star_img_file\">&nbsp;&nbsp;<\/span>Wir hatten einen wundersch\u00f6nen Aufenthalt in diesem Apartment. Es verf\u00fcgt \u00fcber eine super ausgestattete K\u00fcche, sch\u00f6ne Schlafzimmer und einen wundervollen<a href=\"https:\/\/hr.airbnb.com\/rooms\/1208887\" class=\"ta_morelink\" target=\"_blank\" rel=\"nofollow\">... read more<\/a>\t\t\t\t<\/p>\r\n\t\t\t\t<a href=\"https:\/\/hr.airbnb.com\/rooms\/1208887\" target=\"_blank\" rel=\"nofollow\"><img src=\"http:\/\/apartments-tonka.com\/wp-content\/plugins\/wp-airbnb-review-slider\/public\/partials\/imgs\/airbnb_outline.png\" alt=\"\" class=\"wpairbnb_t1_airbnb_logo\"><\/a>\t\t\t<\/div><span class=\"wpairbnb_t1_A_8\"><img src=\"https:\/\/a0.muscache.com\/im\/pictures\/user\/4c983fa2-2e7b-40b6-8db6-8b03a9636c54.jpg?aki_policy=profile_x_medium\" alt=\"thumb\" class=\"wpairbnb_t1_IMG_4\" \/><\/span> <span class=\"wpairbnb_t1_SPAN_5 wprev_preview_tcolor2_T1\">Julia<br\/><span class=\"wprev_showdate_T1\">7\/13\/2023<\/span> <\/span>\r\n\t\t<\/div>\r\n\t\t\t<div class=\"wpairbnb_t1_DIV_1 w3_wprs-col l4\">\r\n\t\t\t<div class=\"wpairbnb_t1_DIV_2 wprev_preview_bg1_T1 wprev_preview_bradius_T1\">\r\n\t\t\t\t<p class=\"wpairbnb_t1_P_3 wprev_preview_tcolor1_T1\">\r\n\t\t\t\t\t<span class=\"wpairbnb_star_imgs_T1\"><img src=\"http:\/\/apartments-tonka.com\/wp-content\/plugins\/wp-airbnb-review-slider\/public\/partials\/imgs\/stars_5_yellow.png\" alt=\"\" class=\"wpairbnb_t1_star_img_file\">&nbsp;&nbsp;<\/span>The place is wonderful; great location 1min walk from the riviera, restaurants, market, port. The backyard is beautiful and great<a href=\"https:\/\/hr.airbnb.com\/rooms\/1208887\" class=\"ta_morelink\" target=\"_blank\" rel=\"nofollow\">... read more<\/a>\t\t\t\t<\/p>\r\n\t\t\t\t<a href=\"https:\/\/hr.airbnb.com\/rooms\/1208887\" target=\"_blank\" rel=\"nofollow\"><img src=\"http:\/\/apartments-tonka.com\/wp-content\/plugins\/wp-airbnb-review-slider\/public\/partials\/imgs\/airbnb_outline.png\" alt=\"\" class=\"wpairbnb_t1_airbnb_logo\"><\/a>\t\t\t<\/div><span class=\"wpairbnb_t1_A_8\"><img src=\"https:\/\/a0.muscache.com\/defaults\/user_pic-225x225.png?v=3\" alt=\"thumb\" class=\"wpairbnb_t1_IMG_4\" \/><\/span> <span class=\"wpairbnb_t1_SPAN_5 wprev_preview_tcolor2_T1\">Romano<br\/><span class=\"wprev_showdate_T1\">9\/02\/2019<\/span> <\/span>\r\n\t\t<\/div>\r\n\t\t<\/div>\r\n<!-- This file should primarily consist of HTML with a little bit of PHP. -->\r\n<\/li><li>\t\t<div class=\"wpairbnb_t1_outer_div w3_wprs-row-padding\">\r\n\t\t\t\t<div class=\"wpairbnb_t1_DIV_1 w3_wprs-col l4\">\r\n\t\t\t<div class=\"wpairbnb_t1_DIV_2 wprev_preview_bg1_T1 wprev_preview_bradius_T1\">\r\n\t\t\t\t<p class=\"wpairbnb_t1_P_3 wprev_preview_tcolor1_T1\">\r\n\t\t\t\t\t<span class=\"wpairbnb_star_imgs_T1\"><img src=\"http:\/\/apartments-tonka.com\/wp-content\/plugins\/wp-airbnb-review-slider\/public\/partials\/imgs\/stars_5_yellow.png\" alt=\"\" class=\"wpairbnb_t1_star_img_file\">&nbsp;&nbsp;<\/span>great house, great host, perfect stay\t\t\t\t<\/p>\r\n\t\t\t\t<a href=\"https:\/\/hr.airbnb.com\/rooms\/1208887\" target=\"_blank\" rel=\"nofollow\"><img src=\"http:\/\/apartments-tonka.com\/wp-content\/plugins\/wp-airbnb-review-slider\/public\/partials\/imgs\/airbnb_outline.png\" alt=\"\" class=\"wpairbnb_t1_airbnb_logo\"><\/a>\t\t\t<\/div><span class=\"wpairbnb_t1_A_8\"><img src=\"https:\/\/a0.muscache.com\/im\/pictures\/user\/aa423eec-c3cc-4ff4-80de-bfba0cdeed49.jpg?aki_policy=profile_x_medium\" alt=\"thumb\" class=\"wpairbnb_t1_IMG_4\" \/><\/span> <span class=\"wpairbnb_t1_SPAN_5 wprev_preview_tcolor2_T1\">Tomo<br\/><span class=\"wprev_showdate_T1\">8\/04\/2018<\/span> <\/span>\r\n\t\t<\/div>\r\n\t\t\t<div class=\"wpairbnb_t1_DIV_1 w3_wprs-col l4\">\r\n\t\t\t<div class=\"wpairbnb_t1_DIV_2 wprev_preview_bg1_T1 wprev_preview_bradius_T1\">\r\n\t\t\t\t<p class=\"wpairbnb_t1_P_3 wprev_preview_tcolor1_T1\">\r\n\t\t\t\t\t<span class=\"wpairbnb_star_imgs_T1\"><img src=\"http:\/\/apartments-tonka.com\/wp-content\/plugins\/wp-airbnb-review-slider\/public\/partials\/imgs\/stars_5_yellow.png\" alt=\"\" class=\"wpairbnb_t1_star_img_file\">&nbsp;&nbsp;<\/span>Great stay again at the wonderful house in the middle of the village!\t\t\t\t<\/p>\r\n\t\t\t\t<a href=\"https:\/\/hr.airbnb.com\/rooms\/1208887\" target=\"_blank\" rel=\"nofollow\"><img src=\"http:\/\/apartments-tonka.com\/wp-content\/plugins\/wp-airbnb-review-slider\/public\/partials\/imgs\/airbnb_outline.png\" alt=\"\" class=\"wpairbnb_t1_airbnb_logo\"><\/a>\t\t\t<\/div><span class=\"wpairbnb_t1_A_8\"><img src=\"https:\/\/a0.muscache.com\/im\/pictures\/user\/ef06e1a4-5cc8-4312-9a40-54ce79b9def0.jpg?aki_policy=profile_x_medium\" alt=\"thumb\" class=\"wpairbnb_t1_IMG_4\" \/><\/span> <span class=\"wpairbnb_t1_SPAN_5 wprev_preview_tcolor2_T1\">Tanja<br\/><span class=\"wprev_showdate_T1\">9\/17\/2017<\/span> <\/span>\r\n\t\t<\/div>\r\n\t\t\t<div class=\"wpairbnb_t1_DIV_1 w3_wprs-col l4\">\r\n\t\t\t<div class=\"wpairbnb_t1_DIV_2 wprev_preview_bg1_T1 wprev_preview_bradius_T1\">\r\n\t\t\t\t<p class=\"wpairbnb_t1_P_3 wprev_preview_tcolor1_T1\">\r\n\t\t\t\t\t<span class=\"wpairbnb_star_imgs_T1\"><img src=\"http:\/\/apartments-tonka.com\/wp-content\/plugins\/wp-airbnb-review-slider\/public\/partials\/imgs\/stars_5_yellow.png\" alt=\"\" class=\"wpairbnb_t1_star_img_file\">&nbsp;&nbsp;<\/span>We were perfectly welcomed by Marinko, Andrija's father, at the bus station. He was absolutely kind and helpful for everything.<a href=\"https:\/\/hr.airbnb.com\/rooms\/1208887\" class=\"ta_morelink\" target=\"_blank\" rel=\"nofollow\">... read more<\/a>\t\t\t\t<\/p>\r\n\t\t\t\t<a href=\"https:\/\/hr.airbnb.com\/rooms\/1208887\" target=\"_blank\" rel=\"nofollow\"><img src=\"http:\/\/apartments-tonka.com\/wp-content\/plugins\/wp-airbnb-review-slider\/public\/partials\/imgs\/airbnb_outline.png\" alt=\"\" class=\"wpairbnb_t1_airbnb_logo\"><\/a>\t\t\t<\/div><span class=\"wpairbnb_t1_A_8\"><img src=\"https:\/\/a0.muscache.com\/im\/users\/13179790\/profile_pic\/1414003817\/original.jpg?aki_policy=profile_x_medium\" alt=\"thumb\" class=\"wpairbnb_t1_IMG_4\" \/><\/span> <span class=\"wpairbnb_t1_SPAN_5 wprev_preview_tcolor2_T1\">Benoit<br\/><span class=\"wprev_showdate_T1\">8\/15\/2015<\/span> <\/span>\r\n\t\t<\/div>\r\n\t\t<\/div>\r\n<!-- This file should primarily consist of HTML with a little bit of PHP. -->\r\n<\/li><\/ul><\/div><script type='text\/javascript' defer>\r\n\t\t\t\t\t\tfunction wprs_defer_trip(method) {\r\n\t\t\t\t\t\t\tif (window.jQuery) {\r\n\t\t\t\t\t\t\t\tmethod();\r\n\t\t\t\t\t\t\t} else {\r\n\t\t\t\t\t\t\t\tsetTimeout(function() { wprs_defer_trip(method) }, 50);\r\n\t\t\t\t\t\t\t}\r\n\t\t\t\t\t\t}\r\n\t\t\t\t\t\twprs_defer_trip(function () {\r\n\t\t\t\t\t\t\tjQuery(document).ready(function($) {\r\n\t\t\t\t\t\t\t\t$('#wprev-slider-1').wprs_unslider(\r\n\t\t\t\t\t\t\t\t\t{\r\n\t\t\t\t\t\t\t\t\tautoplay:false,\r\n\t\t\t\t\t\t\t\t\tdelay: '5000',\r\n\t\t\t\t\t\t\t\t\tanimation: 'horizontal',\r\n\t\t\t\t\t\t\t\t\tarrows: true,\r\n\t\t\t\t\t\t\t\t\tanimateHeight: true,\r\n\t\t\t\t\t\t\t\t\tactiveClass: 'wprs_unslider-active',\r\n\t\t\t\t\t\t\t\t\t}\r\n\t\t\t\t\t\t\t\t);\r\n\t\t\t\t\t\t\t\t$(\"#wprev-slider-1\").siblings(\".wprs_unslider-nav\").show();\r\n\t\t\t\t\t\t\t});\r\n\t\t\t\t\t\t});\r\n\t\t\t\t\t\t<\/script>\r\n\n","protected":false},"excerpt":{"rendered":"<p>We have been welcoming our guests from 2013. to stay in one of our apartments in Komi\u017ea. We are listed on a lot of other booking sites and partners, where we got only good reviews so far. We are proud do display the related reviews from AirBnb here too. The reviews are not edited or &hellip; <\/p>\n<p class=\"link-more\"><a href=\"http:\/\/apartments-tonka.com\/index.php\/our-reviews\/\" class=\"more-link\">Continue reading<span class=\"screen-reader-text\"> &#8220;Our Reviews&#8221;<\/span><\/a><\/p>\n","protected":false},"author":1,"featured_media":0,"parent":0,"menu_order":0,"comment_status":"closed","ping_status":"closed","template":"","meta":{"ngg_post_thumbnail":0},"_links":{"self":[{"href":"http:\/\/apartments-tonka.com\/index.php\/wp-json\/wp\/v2\/pages\/210"}],"collection":[{"href":"http:\/\/apartments-tonka.com\/index.php\/wp-json\/wp\/v2\/pages"}],"about":[{"href":"http:\/\/apartments-tonka.com\/index.php\/wp-json\/wp\/v2\/types\/page"}],"author":[{"embeddable":true,"href":"http:\/\/apartments-tonka.com\/index.php\/wp-json\/wp\/v2\/users\/1"}],"replies":[{"embeddable":true,"href":"http:\/\/apartments-tonka.com\/index.php\/wp-json\/wp\/v2\/comments?post=210"}],"version-history":[{"count":1,"href":"http:\/\/apartments-tonka.com\/index.php\/wp-json\/wp\/v2\/pages\/210\/revisions"}],"predecessor-version":[{"id":278,"href":"http:\/\/apartments-tonka.com\/index.php\/wp-json\/wp\/v2\/pages\/210\/revisions\/278"}],"wp:attachment":[{"href":"http:\/\/apartments-tonka.com\/index.php\/wp-json\/wp\/v2\/media?parent=210"}],"curies":[{"name":"wp","href":"https:\/\/api.w.org\/{rel}","templated":true}]}}